{"id":2276,"date":"2014-01-10T20:57:53","date_gmt":"2014-01-10T19:57:53","guid":{"rendered":"http:\/\/www.pug.hr\/gimnazija\/?page_id=2276"},"modified":"2014-01-30T07:13:09","modified_gmt":"2014-01-30T06:13:09","slug":"film-za-pet-u-skolskoj-godini-2012-2013","status":"publish","type":"page","link":"https:\/\/pug.hr\/gimnazija\/film-za-pet\/film-za-pet-u-skolskoj-godini-2012-2013\/","title":{"rendered":"FILM ZA PET u \u0161kolskoj godini 2012.\/2013."},"content":{"rendered":"<p>U\u010deni\u010dki \u201e\u017eiri\u201c Privatne umjetni\u010dke gimnazije odgledao je sve filmove hrvatske produkcije prikazane u kinima u \u0161k. god. 2012.\/2013., ocijenio ih i nagradio najbolji film po vlastitom izboru.<\/p>\n<p>Na ovoj stranici mo\u017eete saznati koje smo filmove pogledali i tko nam je sve bio u gostima.<\/p>\n<p>Pogledajte obavezno i dokumentarni film o cijelom projektu!<\/p>\n<p><iframe loading=\"lazy\" src=\"\/\/www.youtube.com\/embed\/2Xq5TdxH0_8\" height=\"315\" width=\"420\" allowfullscreen=\"\" frameborder=\"0\"><\/iframe><\/p>\n<p>[ws_table id=&#8221;35&#8243;]<\/p>\n<p>Na linku pogledanih filmova pro\u010ditajte kratki prikaz, i neke od pisanih u\u010deni\u010dkih dojmova, kao i reporta\u017eu s prvim utiscima nakon odgledanog filma.<br \/>\n&nbsp;<\/p>\n<p><a href=\"https:\/\/pug.hr\/gimnazija\/wp-content\/uploads\/2012\/11\/Plakat-film-za-PET-mikro.jpg\"><img loading=\"lazy\" decoding=\"async\" class=\"alignleft size-thumbnail wp-image-1437\" title=\"Plakat - film za PET mikro\" alt=\"\" src=\"https:\/\/pug.hr\/gimnazija\/wp-content\/uploads\/2012\/11\/Plakat-film-za-PET-mikro-150x150.jpg\" width=\"150\" height=\"150\" \/><\/a><\/p>\n<p>&nbsp;<\/p>\n","protected":false},"excerpt":{"rendered":"<p>U\u010deni\u010dki \u201e\u017eiri\u201c Privatne umjetni\u010dke gimnazije odgledao je sve filmove hrvatske produkcije prikazane u&#8230;<\/p>\n","protected":false},"author":1,"featured_media":0,"parent":2260,"menu_order":0,"comment_status":"closed","ping_status":"open","template":"","meta":{"ngg_post_thumbnail":0,"jetpack_post_was_ever_published":false,"footnotes":""},"class_list":["post-2276","page","type-page","status-publish","hentry"],"jetpack_sharing_enabled":true,"jetpack_shortlink":"https:\/\/wp.me\/P2cktY-AI","_links":{"self":[{"href":"https:\/\/pug.hr\/gimnazija\/wp-json\/wp\/v2\/pages\/2276","targetHints":{"allow":["GET"]}}],"collection":[{"href":"https:\/\/pug.hr\/gimnazija\/wp-json\/wp\/v2\/pages"}],"about":[{"href":"https:\/\/pug.hr\/gimnazija\/wp-json\/wp\/v2\/types\/page"}],"author":[{"embeddable":true,"href":"https:\/\/pug.hr\/gimnazija\/wp-json\/wp\/v2\/users\/1"}],"replies":[{"embeddable":true,"href":"https:\/\/pug.hr\/gimnazija\/wp-json\/wp\/v2\/comments?post=2276"}],"version-history":[{"count":4,"href":"https:\/\/pug.hr\/gimnazija\/wp-json\/wp\/v2\/pages\/2276\/revisions"}],"predecessor-version":[{"id":2507,"href":"https:\/\/pug.hr\/gimnazija\/wp-json\/wp\/v2\/pages\/2276\/revisions\/2507"}],"up":[{"embeddable":true,"href":"https:\/\/pug.hr\/gimnazija\/wp-json\/wp\/v2\/pages\/2260"}],"wp:attachment":[{"href":"https:\/\/pug.hr\/gimnazija\/wp-json\/wp\/v2\/media?parent=2276"}],"curies":[{"name":"wp","href":"https:\/\/api.w.org\/{rel}","templated":true}]}}