{"id":2260,"date":"2014-01-10T20:38:25","date_gmt":"2014-01-10T19:38:25","guid":{"rendered":"http:\/\/www.pug.hr\/gimnazija\/?page_id=2260"},"modified":"2014-01-10T20:38:25","modified_gmt":"2014-01-10T19:38:25","slug":"film-za-pet","status":"publish","type":"page","link":"https:\/\/pug.hr\/gimnazija\/film-za-pet\/","title":{"rendered":"FILM ZA PET"},"content":{"rendered":"<p style=\"text-align: right;\"><span style=\"color: #ff0000;\"><em><strong><a href=\"https:\/\/pug.hr\/gimnazija\/pug-ova-nagrada-film-za-pet\/\"><span style=\"color: #ff0000;\">\u0160kolska godina 2012.\/13.<\/span><\/a><\/strong><\/em><\/span><\/p>\n<p style=\"text-align: justify;\"><span style=\"color: #000000;\"><\/span><\/p>\n<p>U\u010deni\u010dki \u201e\u017eiri\u201c Privatne umjetni\u010dke gimnazije odgledat \u0107e i ove \u0161kolske godine sve filmove hrvatske produkcije koji u\u0111u u kina, ocjenjivat \u0107e ih ocjenama 1 do 5 i na kraju, u lipnju 2014., vlastitim grafi\u010dkim radom nagraditi najbolje ocijenjeni film.<\/p>\n<p>Na ovoj stranici mo\u017eete saznati sve o tome koje smo filmove ve\u0107 vidjeli, kakvi su nam utisci, tko nam je bio u gostima, a koji filmovi tek trebaju u\u0107i u hrvatska kina i koji nam stoga tek predstoje.<\/p>\n<p>[ws_table id=&#8221;67&#8243;]<\/p>\n","protected":false},"excerpt":{"rendered":"<p>\u0160kolska godina 2012.\/13. U\u010deni\u010dki \u201e\u017eiri\u201c Privatne umjetni\u010dke gimnazije odgledat \u0107e i ove \u0161kolske&#8230;<\/p>\n","protected":false},"author":1,"featured_media":0,"parent":0,"menu_order":0,"comment_status":"closed","ping_status":"open","template":"","meta":{"ngg_post_thumbnail":0,"jetpack_post_was_ever_published":false,"footnotes":""},"class_list":["post-2260","page","type-page","status-publish","hentry"],"jetpack_sharing_enabled":true,"jetpack_shortlink":"https:\/\/wp.me\/P2cktY-As","_links":{"self":[{"href":"https:\/\/pug.hr\/gimnazija\/wp-json\/wp\/v2\/pages\/2260","targetHints":{"allow":["GET"]}}],"collection":[{"href":"https:\/\/pug.hr\/gimnazija\/wp-json\/wp\/v2\/pages"}],"about":[{"href":"https:\/\/pug.hr\/gimnazija\/wp-json\/wp\/v2\/types\/page"}],"author":[{"embeddable":true,"href":"https:\/\/pug.hr\/gimnazija\/wp-json\/wp\/v2\/users\/1"}],"replies":[{"embeddable":true,"href":"https:\/\/pug.hr\/gimnazija\/wp-json\/wp\/v2\/comments?post=2260"}],"version-history":[{"count":2,"href":"https:\/\/pug.hr\/gimnazija\/wp-json\/wp\/v2\/pages\/2260\/revisions"}],"predecessor-version":[{"id":2264,"href":"https:\/\/pug.hr\/gimnazija\/wp-json\/wp\/v2\/pages\/2260\/revisions\/2264"}],"wp:attachment":[{"href":"https:\/\/pug.hr\/gimnazija\/wp-json\/wp\/v2\/media?parent=2260"}],"curies":[{"name":"wp","href":"https:\/\/api.w.org\/{rel}","templated":true}]}}