{"id":16,"date":"2012-02-08T06:55:51","date_gmt":"2012-02-08T06:55:51","guid":{"rendered":"http:\/\/www.pug.hr\/gimnazija\/?page_id=16"},"modified":"2012-03-11T16:28:02","modified_gmt":"2012-03-11T15:28:02","slug":"roditelji","status":"publish","type":"page","link":"https:\/\/pug.hr\/gimnazija\/roditelji\/","title":{"rendered":"Roditelji"},"content":{"rendered":"<p style=\"text-align: justify;\">Uspjesi na\u0161ih u\u010denika u mnogome zavise od potpore roditelja.<\/p>\n<p style=\"text-align: justify;\">Mi smo ponosni da roditelji prepoznaju u na\u0161oj \u0161koli partnera za daljnji razvoj svoje djece i raduje nas njihov odziv na sve na\u0161e akcije i doga\u0111anja.<\/p>\n<p style=\"text-align: justify;\">Roditelji su uvijek dobrodo\u0161li u na\u0161oj \u0161koli, a uspje\u0161no sura\u0111uju s Upravom ili razrednicima telefonom, mailom ili osobnim dolaskom u \u0161kolu u dogovoreno vrijeme.<\/p>\n<p style=\"text-align: justify;\">Na\u0161 e-\u010dasopis PUGglasnik kojeg sastavljaju u\u010denici, kao i ove internetske stranice jo\u0161 su jedan na\u010din da roditelji prate rad \u0161kole.<\/p>\n<p style=\"text-align: justify;\">Roditelje pozivamo da nam se javljaju sa svojim idejama i komentarima, bilo putem Vije\u0107a roditelja, bilo individuano kako bismo ostvarili \u0161to bolju suradnju u ovoj va\u017enoj fazi razvoja mladih.<\/p>\n<p style=\"text-align: justify;\">Roditelji redovito sudjeluju na \u0161kolskim proslavama, ali svoj doprinos daju i u obrazovnom radu \u0161kole poklanjaju\u0107i svoje dragocjeno vrijeme za predavanja, profesionalnu orijentaciju, kao i bitnu pomo\u0107 u organizaciji \u0161kolskih posjeta.<\/p>\n","protected":false},"excerpt":{"rendered":"<p>Uspjesi na\u0161ih u\u010denika u mnogome zavise od potpore roditelja. Mi smo ponosni da&#8230;<\/p>\n","protected":false},"author":1,"featured_media":0,"parent":0,"menu_order":0,"comment_status":"open","ping_status":"open","template":"","meta":{"ngg_post_thumbnail":0,"jetpack_post_was_ever_published":false,"footnotes":""},"class_list":["post-16","page","type-page","status-publish","hentry"],"jetpack_sharing_enabled":true,"jetpack_shortlink":"https:\/\/wp.me\/P2cktY-g","_links":{"self":[{"href":"https:\/\/pug.hr\/gimnazija\/wp-json\/wp\/v2\/pages\/16","targetHints":{"allow":["GET"]}}],"collection":[{"href":"https:\/\/pug.hr\/gimnazija\/wp-json\/wp\/v2\/pages"}],"about":[{"href":"https:\/\/pug.hr\/gimnazija\/wp-json\/wp\/v2\/types\/page"}],"author":[{"embeddable":true,"href":"https:\/\/pug.hr\/gimnazija\/wp-json\/wp\/v2\/users\/1"}],"replies":[{"embeddable":true,"href":"https:\/\/pug.hr\/gimnazija\/wp-json\/wp\/v2\/comments?post=16"}],"version-history":[{"count":5,"href":"https:\/\/pug.hr\/gimnazija\/wp-json\/wp\/v2\/pages\/16\/revisions"}],"predecessor-version":[{"id":272,"href":"https:\/\/pug.hr\/gimnazija\/wp-json\/wp\/v2\/pages\/16\/revisions\/272"}],"wp:attachment":[{"href":"https:\/\/pug.hr\/gimnazija\/wp-json\/wp\/v2\/media?parent=16"}],"curies":[{"name":"wp","href":"https:\/\/api.w.org\/{rel}","templated":true}]}}