{"id":14,"date":"2012-02-08T06:55:21","date_gmt":"2012-02-08T06:55:21","guid":{"rendered":"http:\/\/www.pug.hr\/gimnazija\/?page_id=14"},"modified":"2013-04-18T15:54:33","modified_gmt":"2013-04-18T13:54:33","slug":"ucenici","status":"publish","type":"page","link":"https:\/\/pug.hr\/gimnazija\/ucenici\/","title":{"rendered":"U\u010denici"},"content":{"rendered":"<p>Ova stranica namijenjena je u\u010denicima, va\u0161im idejama i stvarala\u0161tvu.<\/p>\n<p>Kad ste posebno zadovoljni nekom svojom fotografijom, slikom, plesnim ili glazbenim nastupom sve \u0107emo to pohraniti ovdje.<\/p>\n<p>O\u010dekujemo da na\u0161 mail webmaster(at)pug.hr\u00a0\u00a0i na\u0161e <a href=\"http:\/\/www.facebook.com\/pages\/Privatna-Umjetni%C4%8Dka-Gimnazija\/347621961926197\">Facebook stranice<\/a> zatrpate svojim radovima!<\/p>\n","protected":false},"excerpt":{"rendered":"<p>Ova stranica namijenjena je u\u010denicima, va\u0161im idejama i stvarala\u0161tvu. Kad ste posebno zadovoljni&#8230;<\/p>\n","protected":false},"author":1,"featured_media":0,"parent":0,"menu_order":0,"comment_status":"open","ping_status":"open","template":"","meta":{"ngg_post_thumbnail":0,"jetpack_post_was_ever_published":false,"footnotes":""},"class_list":["post-14","page","type-page","status-publish","hentry"],"jetpack_sharing_enabled":true,"jetpack_shortlink":"https:\/\/wp.me\/P2cktY-e","_links":{"self":[{"href":"https:\/\/pug.hr\/gimnazija\/wp-json\/wp\/v2\/pages\/14","targetHints":{"allow":["GET"]}}],"collection":[{"href":"https:\/\/pug.hr\/gimnazija\/wp-json\/wp\/v2\/pages"}],"about":[{"href":"https:\/\/pug.hr\/gimnazija\/wp-json\/wp\/v2\/types\/page"}],"author":[{"embeddable":true,"href":"https:\/\/pug.hr\/gimnazija\/wp-json\/wp\/v2\/users\/1"}],"replies":[{"embeddable":true,"href":"https:\/\/pug.hr\/gimnazija\/wp-json\/wp\/v2\/comments?post=14"}],"version-history":[{"count":7,"href":"https:\/\/pug.hr\/gimnazija\/wp-json\/wp\/v2\/pages\/14\/revisions"}],"predecessor-version":[{"id":1788,"href":"https:\/\/pug.hr\/gimnazija\/wp-json\/wp\/v2\/pages\/14\/revisions\/1788"}],"wp:attachment":[{"href":"https:\/\/pug.hr\/gimnazija\/wp-json\/wp\/v2\/media?parent=14"}],"curies":[{"name":"wp","href":"https:\/\/api.w.org\/{rel}","templated":true}]}}