{"id":116,"date":"2012-02-08T07:46:50","date_gmt":"2012-02-08T07:46:50","guid":{"rendered":"http:\/\/www.pug.hr\/gimnazija\/?page_id=116"},"modified":"2017-11-05T18:52:35","modified_gmt":"2017-11-05T17:52:35","slug":"galerija","status":"publish","type":"page","link":"https:\/\/pug.hr\/gimnazija\/galerija\/","title":{"rendered":"Galerija"},"content":{"rendered":"<p>Na ovim stranicama pokazujemo \u0161to se sve zbivalo u na\u0161oj \u0161koli i \u0161to su sve na\u0161i u\u010denici u njoj radili ranijih godina kao i ju\u010der, gdje su sve bili i tko nas je sve posje\u0107ivao.<\/p>\n<p>Stranice se \u010desto dopunjuju novim i starim slikama pa vas pozivamo da svratite ovamo ponekad bez obzira da li ste roditelj, u\u010denik, biv\u0161i u\u010denik, profesor ili prijatelj \u0161kole. Mo\u017eda \u0107ete vidjeti neku sliku koja vam probudi neku lijepu uspomenu.<\/p>\n<h3>Slavonija 1<\/h3>\n<h3>ngg_shortcode_0_placeholder<\/h3>\n<h3>Slavonija 2<\/h3>\n<h3>ngg_shortcode_1_placeholder<\/h3>\n<h3>Slavonija\u00a03<\/h3>\n<h3>ngg_shortcode_2_placeholder<\/h3>\n<h3>Me\u0111unarodni dan \u017eena<\/h3>\n<h3>ngg_shortcode_3_placeholder<\/h3>\n<h3>Smotra filmskog stvarala\u0161tva<\/h3>\n<h3>ngg_shortcode_4_placeholder<\/h3>\n<h3><\/h3>\n<p>[ws_table id=&#8221;19&#8243;]<\/p>\n<p>[ws_table id=&#8221;20&#8243;]<\/p>\n<p>[ws_table id=&#8221;21&#8243;]<\/p>\n<p>[ws_table id=&#8221;73&#8243;]<\/p>\n","protected":false},"excerpt":{"rendered":"<p>Na ovim stranicama pokazujemo \u0161to se sve zbivalo u na\u0161oj \u0161koli i \u0161to&#8230;<\/p>\n","protected":false},"author":1,"featured_media":0,"parent":0,"menu_order":0,"comment_status":"open","ping_status":"open","template":"","meta":{"ngg_post_thumbnail":0,"jetpack_post_was_ever_published":false,"footnotes":""},"class_list":["post-116","page","type-page","status-publish","hentry"],"jetpack_sharing_enabled":true,"jetpack_shortlink":"https:\/\/wp.me\/P2cktY-1S","_links":{"self":[{"href":"https:\/\/pug.hr\/gimnazija\/wp-json\/wp\/v2\/pages\/116","targetHints":{"allow":["GET"]}}],"collection":[{"href":"https:\/\/pug.hr\/gimnazija\/wp-json\/wp\/v2\/pages"}],"about":[{"href":"https:\/\/pug.hr\/gimnazija\/wp-json\/wp\/v2\/types\/page"}],"author":[{"embeddable":true,"href":"https:\/\/pug.hr\/gimnazija\/wp-json\/wp\/v2\/users\/1"}],"replies":[{"embeddable":true,"href":"https:\/\/pug.hr\/gimnazija\/wp-json\/wp\/v2\/comments?post=116"}],"version-history":[{"count":6,"href":"https:\/\/pug.hr\/gimnazija\/wp-json\/wp\/v2\/pages\/116\/revisions"}],"predecessor-version":[{"id":6559,"href":"https:\/\/pug.hr\/gimnazija\/wp-json\/wp\/v2\/pages\/116\/revisions\/6559"}],"wp:attachment":[{"href":"https:\/\/pug.hr\/gimnazija\/wp-json\/wp\/v2\/media?parent=116"}],"curies":[{"name":"wp","href":"https:\/\/api.w.org\/{rel}","templated":true}]}}