{"id":105,"date":"2012-02-08T07:41:12","date_gmt":"2012-02-08T07:41:12","guid":{"rendered":"http:\/\/www.pug.hr\/gimnazija\/?page_id=105"},"modified":"2025-10-10T18:04:55","modified_gmt":"2025-10-10T16:04:55","slug":"vijece-roditelja","status":"publish","type":"page","link":"https:\/\/pug.hr\/gimnazija\/roditelji\/vijece-roditelja\/","title":{"rendered":"Vije\u0107e roditelja"},"content":{"rendered":"<p style=\"text-align: justify;\">Vije\u0107e roditelja raspravlja o pitanjima zna\u010dajnim za \u017eivot i rad Gimnazije te daje mi\u0161ljenja i prijedloge (Statut Gimnazije \u010dl.130.).<\/p>\n<p style=\"text-align: justify;\">Roditelji u\u010denika na roditeljskim sastancima&nbsp;odabiru svoje predstavnike.<\/p>\n<p>Na sastancima Vije\u0107a se raspravlja o prijedlozima i u podupiru se nastojanja koja doprinose uspje\u0161nosti djelovanja Gimnazije.<\/p>\n<p style=\"text-align: justify;\">\u010clanovi Vije\u0107a se, prema osobnim interesima i mogu\u0107nostima, uklju\u010duju u realizaciju pojedinih prijedloga, primjerice: organizacija stru\u010dnih predavanja, povezivanje s zna\u010dajnim ustanovama u kulturi, medijima i umjetnosti, nove radionice, osnivanje \u0161kolskog Fonda, podr\u0161ka \u0161kolskim manifestacijama.<\/p>\n","protected":false},"excerpt":{"rendered":"<p>Vije\u0107e roditelja raspravlja o pitanjima zna\u010dajnim za \u017eivot i rad Gimnazije te daje&#8230;<\/p>\n","protected":false},"author":1,"featured_media":0,"parent":16,"menu_order":0,"comment_status":"open","ping_status":"open","template":"","meta":{"ngg_post_thumbnail":0,"jetpack_post_was_ever_published":false,"footnotes":""},"class_list":["post-105","page","type-page","status-publish","hentry"],"jetpack_sharing_enabled":true,"jetpack_shortlink":"https:\/\/wp.me\/P2cktY-1H","_links":{"self":[{"href":"https:\/\/pug.hr\/gimnazija\/wp-json\/wp\/v2\/pages\/105","targetHints":{"allow":["GET"]}}],"collection":[{"href":"https:\/\/pug.hr\/gimnazija\/wp-json\/wp\/v2\/pages"}],"about":[{"href":"https:\/\/pug.hr\/gimnazija\/wp-json\/wp\/v2\/types\/page"}],"author":[{"embeddable":true,"href":"https:\/\/pug.hr\/gimnazija\/wp-json\/wp\/v2\/users\/1"}],"replies":[{"embeddable":true,"href":"https:\/\/pug.hr\/gimnazija\/wp-json\/wp\/v2\/comments?post=105"}],"version-history":[{"count":5,"href":"https:\/\/pug.hr\/gimnazija\/wp-json\/wp\/v2\/pages\/105\/revisions"}],"predecessor-version":[{"id":9203,"href":"https:\/\/pug.hr\/gimnazija\/wp-json\/wp\/v2\/pages\/105\/revisions\/9203"}],"up":[{"embeddable":true,"href":"https:\/\/pug.hr\/gimnazija\/wp-json\/wp\/v2\/pages\/16"}],"wp:attachment":[{"href":"https:\/\/pug.hr\/gimnazija\/wp-json\/wp\/v2\/media?parent=105"}],"curies":[{"name":"wp","href":"https:\/\/api.w.org\/{rel}","templated":true}]}}