{"id":10,"date":"2012-02-08T06:54:36","date_gmt":"2012-02-08T06:54:36","guid":{"rendered":"http:\/\/www.pug.hr\/gimnazija\/?page_id=10"},"modified":"2022-05-01T07:38:49","modified_gmt":"2022-05-01T05:38:49","slug":"radionice","status":"publish","type":"page","link":"https:\/\/pug.hr\/gimnazija\/radionice\/","title":{"rendered":"Radionice"},"content":{"rendered":"<p style=\"text-align: justify;\">Kurikulum \u0161kole nudi brojne i raznolike radionice koje poti\u010du razvoj vizualnih, auditivnih, motori\u010dkih i ostalih sposbnosti u\u010denika: likovna (slikarstvo, umjetni\u010dka fotografija, vizualne komunikacije &#8230;), glazbena, scenska, plesna, govorni\u0161tvo, prirodoslovlje, Za bistar pogled i dr.<\/p>\n<p style=\"text-align: justify;\">ngg_shortcode_0_placeholder<\/p>\n<p style=\"text-align: justify;\">U kreativnim radionicama poti\u010de se, razvija i osloba\u0111a stvarala\u010dka imaginacija, duhovnost i kreativno djelovanje u\u010denika.<\/p>\n<p style=\"text-align: justify;\">Na po\u010detku \u0161kolske godine Anketom se ispituju interesi u\u010denika i zatim se upu\u0107uju u rad radionica. Voditelji radionica izra\u0111uju godi\u0161nji program djelovanja u kojem, uz temeljne odrednice mati\u010dnog podru\u010dja, navode i zadatke koji aktualiziraju interese u\u010denika.<\/p>\n<p style=\"text-align: justify;\">ngg_shortcode_1_placeholder<\/p>\n<p style=\"text-align: justify;\">Osim metoda demonstracije, analiza, mentorskog rada u \u0161koli, u\u010denici posje\u0107uju manifestacije koje doprinose njihovom stvarala\u010dkom oblikovanju odgovaraju\u0107ih zada\u0107a.<\/p>\n<p style=\"text-align: justify;\">U\u010denici vizualno oblikuju svoje u\u010dionice (ormari\u0107e i zidove), kabinete, a u okviru razli\u010ditih doga\u0111aja u \u0161koli, pojedine radionice prezentiraju svoje rezultate.<\/p>\n<p style=\"text-align: justify;\">ngg_shortcode_2_placeholder<\/p>\n<p style=\"text-align: justify;\">Voditelji radionica su na\u0161i profesori &#8211; i na\u0161i uva\u017eeni vanjski suradnici, ugledni stru\u010dnjaci u svojim podru\u010djima<span style=\"line-height: 1.5em;\">.<\/span><\/p>\n","protected":false},"excerpt":{"rendered":"<p>Kurikulum \u0161kole nudi brojne i raznolike radionice koje poti\u010du razvoj vizualnih, auditivnih, motori\u010dkih&#8230;<\/p>\n","protected":false},"author":1,"featured_media":0,"parent":0,"menu_order":0,"comment_status":"open","ping_status":"open","template":"","meta":{"ngg_post_thumbnail":0,"jetpack_post_was_ever_published":false,"footnotes":""},"class_list":["post-10","page","type-page","status-publish","hentry"],"jetpack_sharing_enabled":true,"jetpack_shortlink":"https:\/\/wp.me\/P2cktY-a","_links":{"self":[{"href":"https:\/\/pug.hr\/gimnazija\/wp-json\/wp\/v2\/pages\/10","targetHints":{"allow":["GET"]}}],"collection":[{"href":"https:\/\/pug.hr\/gimnazija\/wp-json\/wp\/v2\/pages"}],"about":[{"href":"https:\/\/pug.hr\/gimnazija\/wp-json\/wp\/v2\/types\/page"}],"author":[{"embeddable":true,"href":"https:\/\/pug.hr\/gimnazija\/wp-json\/wp\/v2\/users\/1"}],"replies":[{"embeddable":true,"href":"https:\/\/pug.hr\/gimnazija\/wp-json\/wp\/v2\/comments?post=10"}],"version-history":[{"count":5,"href":"https:\/\/pug.hr\/gimnazija\/wp-json\/wp\/v2\/pages\/10\/revisions"}],"predecessor-version":[{"id":8277,"href":"https:\/\/pug.hr\/gimnazija\/wp-json\/wp\/v2\/pages\/10\/revisions\/8277"}],"wp:attachment":[{"href":"https:\/\/pug.hr\/gimnazija\/wp-json\/wp\/v2\/media?parent=10"}],"curies":[{"name":"wp","href":"https:\/\/api.w.org\/{rel}","templated":true}]}}